{"id":3787,"date":"2025-08-20T19:17:09","date_gmt":"2025-08-20T17:17:09","guid":{"rendered":"https:\/\/lezamaasesores.com\/traduxpress\/?page_id=3787"},"modified":"2025-08-20T19:25:36","modified_gmt":"2025-08-20T17:25:36","slug":"accesibilidad","status":"publish","type":"page","link":"https:\/\/traduxpress.es\/ro\/accesibilidad\/","title":{"rendered":"Accesibilitate"},"content":{"rendered":"<div data-elementor-type=\"wp-page\" data-elementor-id=\"3787\" class=\"elementor elementor-3787\" data-elementor-post-type=\"page\">\n\t\t\t\t<div class=\"elementor-element elementor-element-c796aff e-flex e-con-boxed e-con e-parent\" data-id=\"c796aff\" data-element_type=\"container\">\n\t\t\t\t\t<div class=\"e-con-inner\">\n\t\t\t\t<div class=\"elementor-element elementor-element-bfe659a elementor-widget elementor-widget-text-editor\" data-id=\"bfe659a\" data-element_type=\"widget\" data-widget_type=\"text-editor.default\">\n\t\t\t\t<div class=\"elementor-widget-container\">\n\t\t\t\t\t\t\t\t\t<p>Traduxpress<\/p>\t\t\t\t\t\t\t\t<\/div>\n\t\t\t\t<\/div>\n\t\t\t\t<div class=\"elementor-element elementor-element-fab45d6 elementor-widget__width-initial elementor-widget elementor-widget-text-editor\" data-id=\"fab45d6\" data-element_type=\"widget\" data-widget_type=\"text-editor.default\">\n\t\t\t\t<div class=\"elementor-widget-container\">\n\t\t\t\t\t\t\t\t\t<p>Accesibilitate<\/p>\t\t\t\t\t\t\t\t<\/div>\n\t\t\t\t<\/div>\n\t\t\t\t<div class=\"elementor-element elementor-element-63cffc0 elementor-widget__width-initial elementor-widget elementor-widget-text-editor\" data-id=\"63cffc0\" data-element_type=\"widget\" data-widget_type=\"text-editor.default\">\n\t\t\t\t<div class=\"elementor-widget-container\">\n\t\t\t\t\t\t\t\t\t<p>La presente declaraci\u00f3n de accesibilidad se aplica al sitio web <strong data-start=\"289\" data-end=\"311\"><a class=\"decorated-link\" href=\"https:\/\/traduxpress.es\/ro\/\" target=\"_new\" rel=\"noopener\" data-start=\"291\" data-end=\"309\">www.traduxpress.es<\/a><\/strong><\/p><p data-start=\"225\" data-end=\"401\">(los subdominios de este sitio web tendr\u00e1n sus propias declaraciones de accesibilidad).<\/p><h4 data-start=\"403\" data-end=\"433\"><strong>Situaci\u00f3n de Cumplimiento<\/strong><\/h4><p data-start=\"435\" data-end=\"607\">Este sitio web es parcialmente conforme con el Real Decreto 1112\/2018, de 7 de septiembre, debido a la falta de conformidad en los aspectos que se indican a continuaci\u00f3n.<\/p><h4 data-start=\"609\" data-end=\"636\"><strong>Contenido No Accesible<\/strong><\/h4><p data-start=\"638\" data-end=\"725\">El contenido que se recoge a continuaci\u00f3n no es accesible por las siguientes razones:<\/p><ul data-start=\"727\" data-end=\"1587\"><li data-start=\"727\" data-end=\"1146\"><p data-start=\"729\" data-end=\"1146\"><strong data-start=\"729\" data-end=\"804\">Falta de conformidad con el Real Decreto 1112\/2018, de 7 de septiembre:<\/strong><br data-start=\"804\" data-end=\"807\" \/>Podr\u00edan existir fallos puntuales de edici\u00f3n en algunas p\u00e1ginas web, tanto en contenidos HTML como en documentos finales, publicados despu\u00e9s del 20 de septiembre de 2018. Concretamente, pueden darse errores en documentos que contengan gr\u00e1ficos, tablas complejas o est\u00e9n firmados electr\u00f3nicamente sin revisi\u00f3n posterior de accesibilidad.<\/p><\/li><li data-start=\"1148\" data-end=\"1194\"><p data-start=\"1150\" data-end=\"1194\"><strong data-start=\"1150\" data-end=\"1177\">Carga desproporcionada:<\/strong><br data-start=\"1177\" data-end=\"1180\" \/>No aplica.<\/p><\/li><li data-start=\"1196\" data-end=\"1587\"><p data-start=\"1198\" data-end=\"1587\"><strong data-start=\"1198\" data-end=\"1257\">Contenido fuera del \u00e1mbito de la legislaci\u00f3n aplicable:<\/strong><br data-start=\"1257\" data-end=\"1260\" \/>Existen archivos ofim\u00e1ticos en PDF u otros formatos publicados antes del 20 de septiembre de 2018 que no cumplen en su totalidad los requisitos de accesibilidad. Tambi\u00e9n puede haber contenidos elaborados por terceros que no est\u00e9n financiados ni desarrollados por <strong data-start=\"1525\" data-end=\"1565\">Andrea Natalia Csajkos \u2013 Traduxpress<\/strong> ni bajo su control.<\/p><\/li><\/ul><h4 data-start=\"1589\" data-end=\"1649\"><strong>Preparaci\u00f3n de la Presente Declaraci\u00f3n de Accesibilidad<\/strong><\/h4><ul data-start=\"1651\" data-end=\"1841\"><li data-start=\"1651\" data-end=\"1702\"><p data-start=\"1653\" data-end=\"1702\"><strong data-start=\"1653\" data-end=\"1678\">Fecha de preparaci\u00f3n:<\/strong> 10 de febrero de 2025<\/p><\/li><li data-start=\"1703\" data-end=\"1776\"><p data-start=\"1705\" data-end=\"1776\"><strong data-start=\"1705\" data-end=\"1725\">M\u00e9todo empleado:<\/strong> Autoevaluaci\u00f3n realizada por el propio organismo<\/p><\/li><li data-start=\"1777\" data-end=\"1841\"><p data-start=\"1779\" data-end=\"1841\"><strong data-start=\"1779\" data-end=\"1817\">\u00daltima revisi\u00f3n de la declaraci\u00f3n:<\/strong> 25 de febrero de 2025<\/p><\/li><\/ul><h4 data-start=\"1843\" data-end=\"1881\"><strong>Observaciones y Datos de Contacto<\/strong><\/h4><p data-start=\"1883\" data-end=\"2002\">Puede realizar comunicaciones sobre requisitos de accesibilidad (art. 10.2.a del Real Decreto 1112\/2018), tales como:<\/p><ul data-start=\"2004\" data-end=\"2201\"><li data-start=\"2004\" data-end=\"2065\"><p data-start=\"2006\" data-end=\"2065\">Informar sobre posibles incumplimientos de accesibilidad.<\/p><\/li><li data-start=\"2066\" data-end=\"2117\"><p data-start=\"2068\" data-end=\"2117\">Transmitir dificultades de acceso al contenido.<\/p><\/li><li data-start=\"2118\" data-end=\"2201\"><p data-start=\"2120\" data-end=\"2201\">Formular sugerencias de mejora relacionadas con la accesibilidad del sitio web.<\/p><\/li><\/ul><p data-start=\"2203\" data-end=\"2236\">Para ello, puede contactar con:<\/p><ul data-start=\"2238\" data-end=\"2508\"><li data-start=\"2238\" data-end=\"2295\"><p data-start=\"2240\" data-end=\"2295\"><strong data-start=\"2240\" data-end=\"2256\">Responsable:<\/strong> Andrea Natalia Csajkos \u2013 Traduxpress<\/p><\/li><li data-start=\"2296\" data-end=\"2360\"><p data-start=\"2298\" data-end=\"2360\"><strong data-start=\"2298\" data-end=\"2312\">Direcci\u00f3n:<\/strong> Avda. Valencia, 134 \u2013 12006 Castell\u00f3n, Espa\u00f1a<\/p><\/li><li data-start=\"2361\" data-end=\"2419\"><p data-start=\"2363\" data-end=\"2419\"><strong data-start=\"2363\" data-end=\"2377\">Tel\u00e9fonos:<\/strong> 692 622 526 \/ 692 622 548 \/ 964 199 696<\/p><\/li><li data-start=\"2420\" data-end=\"2469\"><p data-start=\"2422\" data-end=\"2469\"><strong data-start=\"2422\" data-end=\"2445\">Correo electr\u00f3nico:<\/strong> <a class=\"decorated-link\" href=\"mailto:traduxpress@yahoo.com\" rel=\"noopener\" data-start=\"2446\" data-end=\"2467\">traduxpress@yahoo.com<\/a><\/p><\/li><li data-start=\"2420\" data-end=\"2469\"><strong data-start=\"2472\" data-end=\"2487\">P\u00e1gina web:<\/strong> <a class=\"decorated-link\" href=\"https:\/\/traduxpress.es\/ro\/\" target=\"_new\" rel=\"noopener\" data-start=\"2488\" data-end=\"2506\">www.traduxpress.es<\/a><\/li><\/ul><p>\u00a0<\/p><p>Asimismo, podr\u00e1 solicitar informaci\u00f3n en formato accesible si alguna versi\u00f3n publicada no cumple con los requisitos de accesibilidad o si desea formular una queja por incumplimiento. Todas las solicitudes deben dirigirse a <strong data-start=\"2733\" data-end=\"2773\">Andrea Natalia Csajkos \u2013 Traduxpress<\/strong>, como unidad responsable de los contenidos de este sitio web.<\/p>\t\t\t\t\t\t\t\t<\/div>\n\t\t\t\t<\/div>\n\t\t\t\t\t<\/div>\n\t\t\t\t<\/div>\n\t\t\t\t<\/div>","protected":false},"excerpt":{"rendered":"<p>Traduxpress Accesibilidad La presente declaraci\u00f3n de accesibilidad se aplica al sitio web www.traduxpress.es (los subdominios de este sitio web tendr\u00e1n sus propias declaraciones de accesibilidad). Situaci\u00f3n de Cumplimiento Este sitio web es parcialmente conforme con el Real Decreto 1112\/2018, de 7 de septiembre, debido a la falta de conformidad en los aspectos que se indican [&hellip;]<\/p>","protected":false},"author":1,"featured_media":0,"parent":0,"menu_order":0,"comment_status":"closed","ping_status":"closed","template":"","meta":{"footnotes":""},"class_list":["post-3787","page","type-page","status-publish","hentry"],"yoast_head":"<!-- This site is optimized with the Yoast SEO plugin v25.7 - https:\/\/yoast.com\/wordpress\/plugins\/seo\/ -->\n<title>Accesibilidad - Traduxpress<\/title>\n<meta name=\"robots\" content=\"index, follow, max-snippet:-1, max-image-preview:large, max-video-preview:-1\" \/>\n<link rel=\"canonical\" href=\"https:\/\/traduxpress.es\/ro\/accesibilidad\/\" \/>\n<meta property=\"og:locale\" content=\"ro_RO\" \/>\n<meta property=\"og:type\" content=\"article\" \/>\n<meta property=\"og:title\" content=\"Accesibilidad - Traduxpress\" \/>\n<meta property=\"og:description\" content=\"Traduxpress Accesibilidad La presente declaraci\u00f3n de accesibilidad se aplica al sitio web www.traduxpress.es (los subdominios de este sitio web tendr\u00e1n sus propias declaraciones de accesibilidad). Situaci\u00f3n de Cumplimiento Este sitio web es parcialmente conforme con el Real Decreto 1112\/2018, de 7 de septiembre, debido a la falta de conformidad en los aspectos que se indican [&hellip;]\" \/>\n<meta property=\"og:url\" content=\"https:\/\/traduxpress.es\/ro\/accesibilidad\/\" \/>\n<meta property=\"og:site_name\" content=\"Traduxpress\" \/>\n<meta property=\"article:publisher\" content=\"https:\/\/www.facebook.com\/people\/TraduXpress-Castelln\/100005288647241\/\" \/>\n<meta property=\"article:modified_time\" content=\"2025-08-20T17:25:36+00:00\" \/>\n<meta name=\"twitter:card\" content=\"summary_large_image\" \/>\n<meta name=\"twitter:label1\" content=\"Timp estimat pentru citire\" \/>\n\t<meta name=\"twitter:data1\" content=\"2 minute\" \/>\n<script type=\"application\/ld+json\" class=\"yoast-schema-graph\">{\"@context\":\"https:\/\/schema.org\",\"@graph\":[{\"@type\":\"WebPage\",\"@id\":\"https:\/\/traduxpress.es\/accesibilidad\/\",\"url\":\"https:\/\/traduxpress.es\/accesibilidad\/\",\"name\":\"Accesibilidad - Traduxpress\",\"isPartOf\":{\"@id\":\"https:\/\/traduxpress.es\/#website\"},\"datePublished\":\"2025-08-20T17:17:09+00:00\",\"dateModified\":\"2025-08-20T17:25:36+00:00\",\"breadcrumb\":{\"@id\":\"https:\/\/traduxpress.es\/accesibilidad\/#breadcrumb\"},\"inLanguage\":\"ro-RO\",\"potentialAction\":[{\"@type\":\"ReadAction\",\"target\":[\"https:\/\/traduxpress.es\/accesibilidad\/\"]}]},{\"@type\":\"BreadcrumbList\",\"@id\":\"https:\/\/traduxpress.es\/accesibilidad\/#breadcrumb\",\"itemListElement\":[{\"@type\":\"ListItem\",\"position\":1,\"name\":\"Portada\",\"item\":\"https:\/\/traduxpress.es\/\"},{\"@type\":\"ListItem\",\"position\":2,\"name\":\"Accesibilidad\"}]},{\"@type\":\"WebSite\",\"@id\":\"https:\/\/traduxpress.es\/#website\",\"url\":\"https:\/\/traduxpress.es\/\",\"name\":\"Traduxpress\",\"description\":\"Traducci\u00f3n jurada, Apostillados y Homologaciones\",\"publisher\":{\"@id\":\"https:\/\/traduxpress.es\/#organization\"},\"potentialAction\":[{\"@type\":\"SearchAction\",\"target\":{\"@type\":\"EntryPoint\",\"urlTemplate\":\"https:\/\/traduxpress.es\/?s={search_term_string}\"},\"query-input\":{\"@type\":\"PropertyValueSpecification\",\"valueRequired\":true,\"valueName\":\"search_term_string\"}}],\"inLanguage\":\"ro-RO\"},{\"@type\":\"Organization\",\"@id\":\"https:\/\/traduxpress.es\/#organization\",\"name\":\"Traduxpress\",\"url\":\"https:\/\/traduxpress.es\/\",\"logo\":{\"@type\":\"ImageObject\",\"inLanguage\":\"ro-RO\",\"@id\":\"https:\/\/traduxpress.es\/#\/schema\/logo\/image\/\",\"url\":\"https:\/\/traduxpress.es\/wp-content\/uploads\/2025\/06\/Traduxpress_logo_web.png\",\"contentUrl\":\"https:\/\/traduxpress.es\/wp-content\/uploads\/2025\/06\/Traduxpress_logo_web.png\",\"width\":527,\"height\":138,\"caption\":\"Traduxpress\"},\"image\":{\"@id\":\"https:\/\/traduxpress.es\/#\/schema\/logo\/image\/\"},\"sameAs\":[\"https:\/\/www.facebook.com\/people\/TraduXpress-Castelln\/100005288647241\/\",\"https:\/\/www.instagram.com\/traduxpress\/?hl=es\"]}]}<\/script>\n<!-- \/ Yoast SEO plugin. -->","yoast_head_json":{"title":"Accesibilidad - Traduxpress","robots":{"index":"index","follow":"follow","max-snippet":"max-snippet:-1","max-image-preview":"max-image-preview:large","max-video-preview":"max-video-preview:-1"},"canonical":"https:\/\/traduxpress.es\/ro\/accesibilidad\/","og_locale":"ro_RO","og_type":"article","og_title":"Accesibilidad - Traduxpress","og_description":"Traduxpress Accesibilidad La presente declaraci\u00f3n de accesibilidad se aplica al sitio web www.traduxpress.es (los subdominios de este sitio web tendr\u00e1n sus propias declaraciones de accesibilidad). Situaci\u00f3n de Cumplimiento Este sitio web es parcialmente conforme con el Real Decreto 1112\/2018, de 7 de septiembre, debido a la falta de conformidad en los aspectos que se indican [&hellip;]","og_url":"https:\/\/traduxpress.es\/ro\/accesibilidad\/","og_site_name":"Traduxpress","article_publisher":"https:\/\/www.facebook.com\/people\/TraduXpress-Castelln\/100005288647241\/","article_modified_time":"2025-08-20T17:25:36+00:00","twitter_card":"summary_large_image","twitter_misc":{"Timp estimat pentru citire":"2 minute"},"schema":{"@context":"https:\/\/schema.org","@graph":[{"@type":"WebPage","@id":"https:\/\/traduxpress.es\/accesibilidad\/","url":"https:\/\/traduxpress.es\/accesibilidad\/","name":"Accesibilidad - Traduxpress","isPartOf":{"@id":"https:\/\/traduxpress.es\/#website"},"datePublished":"2025-08-20T17:17:09+00:00","dateModified":"2025-08-20T17:25:36+00:00","breadcrumb":{"@id":"https:\/\/traduxpress.es\/accesibilidad\/#breadcrumb"},"inLanguage":"ro-RO","potentialAction":[{"@type":"ReadAction","target":["https:\/\/traduxpress.es\/accesibilidad\/"]}]},{"@type":"BreadcrumbList","@id":"https:\/\/traduxpress.es\/accesibilidad\/#breadcrumb","itemListElement":[{"@type":"ListItem","position":1,"name":"Portada","item":"https:\/\/traduxpress.es\/"},{"@type":"ListItem","position":2,"name":"Accesibilidad"}]},{"@type":"WebSite","@id":"https:\/\/traduxpress.es\/#website","url":"https:\/\/traduxpress.es\/","name":"Traduxpress","description":"Traducci\u00f3n jurada, Apostillados y Homologaciones","publisher":{"@id":"https:\/\/traduxpress.es\/#organization"},"potentialAction":[{"@type":"SearchAction","target":{"@type":"EntryPoint","urlTemplate":"https:\/\/traduxpress.es\/?s={search_term_string}"},"query-input":{"@type":"PropertyValueSpecification","valueRequired":true,"valueName":"search_term_string"}}],"inLanguage":"ro-RO"},{"@type":"Organization","@id":"https:\/\/traduxpress.es\/#organization","name":"Traduxpress","url":"https:\/\/traduxpress.es\/","logo":{"@type":"ImageObject","inLanguage":"ro-RO","@id":"https:\/\/traduxpress.es\/#\/schema\/logo\/image\/","url":"https:\/\/traduxpress.es\/wp-content\/uploads\/2025\/06\/Traduxpress_logo_web.png","contentUrl":"https:\/\/traduxpress.es\/wp-content\/uploads\/2025\/06\/Traduxpress_logo_web.png","width":527,"height":138,"caption":"Traduxpress"},"image":{"@id":"https:\/\/traduxpress.es\/#\/schema\/logo\/image\/"},"sameAs":["https:\/\/www.facebook.com\/people\/TraduXpress-Castelln\/100005288647241\/","https:\/\/www.instagram.com\/traduxpress\/?hl=es"]}]}},"_links":{"self":[{"href":"https:\/\/traduxpress.es\/ro\/wp-json\/wp\/v2\/pages\/3787","targetHints":{"allow":["GET"]}}],"collection":[{"href":"https:\/\/traduxpress.es\/ro\/wp-json\/wp\/v2\/pages"}],"about":[{"href":"https:\/\/traduxpress.es\/ro\/wp-json\/wp\/v2\/types\/page"}],"author":[{"embeddable":true,"href":"https:\/\/traduxpress.es\/ro\/wp-json\/wp\/v2\/users\/1"}],"replies":[{"embeddable":true,"href":"https:\/\/traduxpress.es\/ro\/wp-json\/wp\/v2\/comments?post=3787"}],"version-history":[{"count":0,"href":"https:\/\/traduxpress.es\/ro\/wp-json\/wp\/v2\/pages\/3787\/revisions"}],"wp:attachment":[{"href":"https:\/\/traduxpress.es\/ro\/wp-json\/wp\/v2\/media?parent=3787"}],"curies":[{"name":"wp","href":"https:\/\/api.w.org\/{rel}","templated":true}]}}