{"id":3782,"date":"2025-08-20T19:13:54","date_gmt":"2025-08-20T17:13:54","guid":{"rendered":"https:\/\/lezamaasesores.com\/traduxpress\/?page_id=3782"},"modified":"2025-08-22T13:36:08","modified_gmt":"2025-08-22T11:36:08","slug":"politica-de-cookies","status":"publish","type":"page","link":"https:\/\/traduxpress.es\/es\/politica-de-cookies\/","title":{"rendered":"Politica de cookies"},"content":{"rendered":"\t\t<div data-elementor-type=\"wp-page\" data-elementor-id=\"3782\" class=\"elementor elementor-3782\" data-elementor-post-type=\"page\">\n\t\t\t\t<div class=\"elementor-element elementor-element-38fd566 e-flex e-con-boxed e-con e-parent\" data-id=\"38fd566\" data-element_type=\"container\">\n\t\t\t\t\t<div class=\"e-con-inner\">\n\t\t\t\t<div class=\"elementor-element elementor-element-a81a7e3 elementor-widget elementor-widget-text-editor\" data-id=\"a81a7e3\" data-element_type=\"widget\" data-widget_type=\"text-editor.default\">\n\t\t\t\t<div class=\"elementor-widget-container\">\n\t\t\t\t\t\t\t\t\t<p>Traduxpress<\/p>\t\t\t\t\t\t\t\t<\/div>\n\t\t\t\t<\/div>\n\t\t\t\t<div class=\"elementor-element elementor-element-46aa571 elementor-widget__width-initial elementor-widget elementor-widget-text-editor\" data-id=\"46aa571\" data-element_type=\"widget\" data-widget_type=\"text-editor.default\">\n\t\t\t\t<div class=\"elementor-widget-container\">\n\t\t\t\t\t\t\t\t\t<p>Pol\u00edtica de Cookies<\/p>\t\t\t\t\t\t\t\t<\/div>\n\t\t\t\t<\/div>\n\t\t\t\t<div class=\"elementor-element elementor-element-0524b95 elementor-widget__width-initial elementor-widget elementor-widget-text-editor\" data-id=\"0524b95\" data-element_type=\"widget\" data-widget_type=\"text-editor.default\">\n\t\t\t\t<div class=\"elementor-widget-container\">\n\t\t\t\t\t\t\t\t\t<p>El sitio web <strong data-start=\"4768\" data-end=\"4790\"><a class=\"decorated-link\" href=\"http:\/\/www.traduxpress.es\" target=\"_new\" rel=\"noopener\" data-start=\"4770\" data-end=\"4788\">www.traduxpress.es <\/a><\/strong>utiliza cookies propias y de terceros para mejorar la experiencia de navegaci\u00f3n y realizar an\u00e1lisis estad\u00edsticos.<\/p><h4 data-start=\"4908\" data-end=\"4937\"><strong>1. \u00bfQu\u00e9 son las cookies?<\/strong><\/h4><p data-start=\"4938\" data-end=\"5121\">Las cookies son peque\u00f1os archivos de texto que se almacenan en el dispositivo del usuario al acceder a determinadas p\u00e1ginas web, y permiten recordar informaci\u00f3n sobre su navegaci\u00f3n.<\/p><h4 data-start=\"5123\" data-end=\"5158\"><strong>2. Tipos de cookies utilizadas<\/strong><\/h4><ul data-start=\"5159\" data-end=\"5423\"><li data-start=\"5159\" data-end=\"5242\"><p data-start=\"5161\" data-end=\"5242\"><strong data-start=\"5161\" data-end=\"5182\">Cookies t\u00e9cnicas:<\/strong> necesarias para el correcto funcionamiento del sitio web.<\/p><\/li><li data-start=\"5243\" data-end=\"5322\"><p data-start=\"5245\" data-end=\"5322\"><strong data-start=\"5245\" data-end=\"5276\">Cookies de personalizaci\u00f3n:<\/strong> permiten recordar preferencias del usuario.<\/p><\/li><li data-start=\"5323\" data-end=\"5423\"><p data-start=\"5325\" data-end=\"5423\"><strong data-start=\"5325\" data-end=\"5349\">Cookies de an\u00e1lisis:<\/strong> permiten medir la actividad de los usuarios en la web de forma an\u00f3nima.<\/p><\/li><\/ul><h4 data-start=\"5425\" data-end=\"5451\"><strong>3. Gesti\u00f3n de cookies<\/strong><\/h4><p data-start=\"5452\" data-end=\"5644\">El usuario puede configurar su navegador para aceptar, bloquear o eliminar las cookies instaladas en su equipo. La desactivaci\u00f3n de algunas cookies puede afectar al funcionamiento de la web.<\/p><h4 data-start=\"5646\" data-end=\"5690\"><strong>4. Aceptaci\u00f3n de la pol\u00edtica de cookies<\/strong><\/h4><p data-start=\"5691\" data-end=\"5848\">Al continuar navegando en <a class=\"decorated-link\" href=\"http:\/\/www.traduxpress.es\" target=\"_new\" rel=\"noopener\" data-start=\"5717\" data-end=\"5735\">www.traduxpress.es<\/a> se entiende que el usuario acepta el uso de las cookies en las condiciones contenidas en la presente Pol\u00edtica.<\/p><p data-start=\"5691\" data-end=\"5848\">Examinar<\/p><p data-start=\"5691\" data-end=\"5848\">No se han seleccionado archivos.<\/p><p data-start=\"5691\" data-end=\"5848\">\u00a0<\/p>\t\t\t\t\t\t\t\t<\/div>\n\t\t\t\t<\/div>\n\t\t\t\t\t<\/div>\n\t\t\t\t<\/div>\n\t\t\t\t<\/div>\n\t\t","protected":false},"excerpt":{"rendered":"<p>Traduxpress Pol\u00edtica de Cookies El sitio web www.traduxpress.es utiliza cookies propias y de terceros para mejorar la experiencia de navegaci\u00f3n y realizar an\u00e1lisis estad\u00edsticos. 1. \u00bfQu\u00e9 son las cookies? Las cookies son peque\u00f1os archivos de texto que se almacenan en el dispositivo del usuario al acceder a determinadas p\u00e1ginas web, y permiten recordar informaci\u00f3n sobre [&hellip;]<\/p>\n","protected":false},"author":1,"featured_media":0,"parent":0,"menu_order":0,"comment_status":"closed","ping_status":"closed","template":"","meta":{"footnotes":""},"class_list":["post-3782","page","type-page","status-publish","hentry"],"yoast_head":"<!-- This site is optimized with the Yoast SEO plugin v25.7 - https:\/\/yoast.com\/wordpress\/plugins\/seo\/ -->\n<title>Politica de cookies - Traduxpress<\/title>\n<meta name=\"robots\" content=\"index, follow, max-snippet:-1, max-image-preview:large, max-video-preview:-1\" \/>\n<link rel=\"canonical\" href=\"https:\/\/traduxpress.es\/es\/politica-de-cookies\/\" \/>\n<meta property=\"og:locale\" content=\"es_ES\" \/>\n<meta property=\"og:type\" content=\"article\" \/>\n<meta property=\"og:title\" content=\"Politica de cookies - Traduxpress\" \/>\n<meta property=\"og:description\" content=\"Traduxpress Pol\u00edtica de Cookies El sitio web www.traduxpress.es utiliza cookies propias y de terceros para mejorar la experiencia de navegaci\u00f3n y realizar an\u00e1lisis estad\u00edsticos. 1. \u00bfQu\u00e9 son las cookies? Las cookies son peque\u00f1os archivos de texto que se almacenan en el dispositivo del usuario al acceder a determinadas p\u00e1ginas web, y permiten recordar informaci\u00f3n sobre [&hellip;]\" \/>\n<meta property=\"og:url\" content=\"https:\/\/traduxpress.es\/es\/politica-de-cookies\/\" \/>\n<meta property=\"og:site_name\" content=\"Traduxpress\" \/>\n<meta property=\"article:publisher\" content=\"https:\/\/www.facebook.com\/people\/TraduXpress-Castelln\/100005288647241\/\" \/>\n<meta property=\"article:modified_time\" content=\"2025-08-22T11:36:08+00:00\" \/>\n<meta name=\"twitter:card\" content=\"summary_large_image\" \/>\n<meta name=\"twitter:label1\" content=\"Tiempo de lectura\" \/>\n\t<meta name=\"twitter:data1\" content=\"1 minuto\" \/>\n<script type=\"application\/ld+json\" class=\"yoast-schema-graph\">{\"@context\":\"https:\/\/schema.org\",\"@graph\":[{\"@type\":\"WebPage\",\"@id\":\"https:\/\/traduxpress.es\/politica-de-cookies\/\",\"url\":\"https:\/\/traduxpress.es\/politica-de-cookies\/\",\"name\":\"Politica de cookies - Traduxpress\",\"isPartOf\":{\"@id\":\"https:\/\/traduxpress.es\/#website\"},\"datePublished\":\"2025-08-20T17:13:54+00:00\",\"dateModified\":\"2025-08-22T11:36:08+00:00\",\"breadcrumb\":{\"@id\":\"https:\/\/traduxpress.es\/politica-de-cookies\/#breadcrumb\"},\"inLanguage\":\"es\",\"potentialAction\":[{\"@type\":\"ReadAction\",\"target\":[\"https:\/\/traduxpress.es\/politica-de-cookies\/\"]}]},{\"@type\":\"BreadcrumbList\",\"@id\":\"https:\/\/traduxpress.es\/politica-de-cookies\/#breadcrumb\",\"itemListElement\":[{\"@type\":\"ListItem\",\"position\":1,\"name\":\"Portada\",\"item\":\"https:\/\/traduxpress.es\/\"},{\"@type\":\"ListItem\",\"position\":2,\"name\":\"Politica de cookies\"}]},{\"@type\":\"WebSite\",\"@id\":\"https:\/\/traduxpress.es\/#website\",\"url\":\"https:\/\/traduxpress.es\/\",\"name\":\"Traduxpress\",\"description\":\"Traducci\u00f3n jurada, Apostillados y Homologaciones\",\"publisher\":{\"@id\":\"https:\/\/traduxpress.es\/#organization\"},\"potentialAction\":[{\"@type\":\"SearchAction\",\"target\":{\"@type\":\"EntryPoint\",\"urlTemplate\":\"https:\/\/traduxpress.es\/?s={search_term_string}\"},\"query-input\":{\"@type\":\"PropertyValueSpecification\",\"valueRequired\":true,\"valueName\":\"search_term_string\"}}],\"inLanguage\":\"es\"},{\"@type\":\"Organization\",\"@id\":\"https:\/\/traduxpress.es\/#organization\",\"name\":\"Traduxpress\",\"url\":\"https:\/\/traduxpress.es\/\",\"logo\":{\"@type\":\"ImageObject\",\"inLanguage\":\"es\",\"@id\":\"https:\/\/traduxpress.es\/#\/schema\/logo\/image\/\",\"url\":\"https:\/\/traduxpress.es\/wp-content\/uploads\/2025\/06\/Traduxpress_logo_web.png\",\"contentUrl\":\"https:\/\/traduxpress.es\/wp-content\/uploads\/2025\/06\/Traduxpress_logo_web.png\",\"width\":527,\"height\":138,\"caption\":\"Traduxpress\"},\"image\":{\"@id\":\"https:\/\/traduxpress.es\/#\/schema\/logo\/image\/\"},\"sameAs\":[\"https:\/\/www.facebook.com\/people\/TraduXpress-Castelln\/100005288647241\/\",\"https:\/\/www.instagram.com\/traduxpress\/?hl=es\"]}]}<\/script>\n<!-- \/ Yoast SEO plugin. -->","yoast_head_json":{"title":"Politica de cookies - Traduxpress","robots":{"index":"index","follow":"follow","max-snippet":"max-snippet:-1","max-image-preview":"max-image-preview:large","max-video-preview":"max-video-preview:-1"},"canonical":"https:\/\/traduxpress.es\/es\/politica-de-cookies\/","og_locale":"es_ES","og_type":"article","og_title":"Politica de cookies - Traduxpress","og_description":"Traduxpress Pol\u00edtica de Cookies El sitio web www.traduxpress.es utiliza cookies propias y de terceros para mejorar la experiencia de navegaci\u00f3n y realizar an\u00e1lisis estad\u00edsticos. 1. \u00bfQu\u00e9 son las cookies? Las cookies son peque\u00f1os archivos de texto que se almacenan en el dispositivo del usuario al acceder a determinadas p\u00e1ginas web, y permiten recordar informaci\u00f3n sobre [&hellip;]","og_url":"https:\/\/traduxpress.es\/es\/politica-de-cookies\/","og_site_name":"Traduxpress","article_publisher":"https:\/\/www.facebook.com\/people\/TraduXpress-Castelln\/100005288647241\/","article_modified_time":"2025-08-22T11:36:08+00:00","twitter_card":"summary_large_image","twitter_misc":{"Tiempo de lectura":"1 minuto"},"schema":{"@context":"https:\/\/schema.org","@graph":[{"@type":"WebPage","@id":"https:\/\/traduxpress.es\/politica-de-cookies\/","url":"https:\/\/traduxpress.es\/politica-de-cookies\/","name":"Politica de cookies - Traduxpress","isPartOf":{"@id":"https:\/\/traduxpress.es\/#website"},"datePublished":"2025-08-20T17:13:54+00:00","dateModified":"2025-08-22T11:36:08+00:00","breadcrumb":{"@id":"https:\/\/traduxpress.es\/politica-de-cookies\/#breadcrumb"},"inLanguage":"es","potentialAction":[{"@type":"ReadAction","target":["https:\/\/traduxpress.es\/politica-de-cookies\/"]}]},{"@type":"BreadcrumbList","@id":"https:\/\/traduxpress.es\/politica-de-cookies\/#breadcrumb","itemListElement":[{"@type":"ListItem","position":1,"name":"Portada","item":"https:\/\/traduxpress.es\/"},{"@type":"ListItem","position":2,"name":"Politica de cookies"}]},{"@type":"WebSite","@id":"https:\/\/traduxpress.es\/#website","url":"https:\/\/traduxpress.es\/","name":"Traduxpress","description":"Traducci\u00f3n jurada, Apostillados y Homologaciones","publisher":{"@id":"https:\/\/traduxpress.es\/#organization"},"potentialAction":[{"@type":"SearchAction","target":{"@type":"EntryPoint","urlTemplate":"https:\/\/traduxpress.es\/?s={search_term_string}"},"query-input":{"@type":"PropertyValueSpecification","valueRequired":true,"valueName":"search_term_string"}}],"inLanguage":"es"},{"@type":"Organization","@id":"https:\/\/traduxpress.es\/#organization","name":"Traduxpress","url":"https:\/\/traduxpress.es\/","logo":{"@type":"ImageObject","inLanguage":"es","@id":"https:\/\/traduxpress.es\/#\/schema\/logo\/image\/","url":"https:\/\/traduxpress.es\/wp-content\/uploads\/2025\/06\/Traduxpress_logo_web.png","contentUrl":"https:\/\/traduxpress.es\/wp-content\/uploads\/2025\/06\/Traduxpress_logo_web.png","width":527,"height":138,"caption":"Traduxpress"},"image":{"@id":"https:\/\/traduxpress.es\/#\/schema\/logo\/image\/"},"sameAs":["https:\/\/www.facebook.com\/people\/TraduXpress-Castelln\/100005288647241\/","https:\/\/www.instagram.com\/traduxpress\/?hl=es"]}]}},"_links":{"self":[{"href":"https:\/\/traduxpress.es\/es\/wp-json\/wp\/v2\/pages\/3782","targetHints":{"allow":["GET"]}}],"collection":[{"href":"https:\/\/traduxpress.es\/es\/wp-json\/wp\/v2\/pages"}],"about":[{"href":"https:\/\/traduxpress.es\/es\/wp-json\/wp\/v2\/types\/page"}],"author":[{"embeddable":true,"href":"https:\/\/traduxpress.es\/es\/wp-json\/wp\/v2\/users\/1"}],"replies":[{"embeddable":true,"href":"https:\/\/traduxpress.es\/es\/wp-json\/wp\/v2\/comments?post=3782"}],"version-history":[{"count":0,"href":"https:\/\/traduxpress.es\/es\/wp-json\/wp\/v2\/pages\/3782\/revisions"}],"wp:attachment":[{"href":"https:\/\/traduxpress.es\/es\/wp-json\/wp\/v2\/media?parent=3782"}],"curies":[{"name":"wp","href":"https:\/\/api.w.org\/{rel}","templated":true}]}}