{"id":3777,"date":"2025-08-20T19:10:27","date_gmt":"2025-08-20T17:10:27","guid":{"rendered":"https:\/\/lezamaasesores.com\/traduxpress\/?page_id=3777"},"modified":"2025-08-20T19:26:22","modified_gmt":"2025-08-20T17:26:22","slug":"aviso-de-privacidad","status":"publish","type":"page","link":"https:\/\/traduxpress.es\/es\/aviso-de-privacidad\/","title":{"rendered":"Aviso de privacidad"},"content":{"rendered":"\t\t<div data-elementor-type=\"wp-page\" data-elementor-id=\"3777\" class=\"elementor elementor-3777\" data-elementor-post-type=\"page\">\n\t\t\t\t<div class=\"elementor-element elementor-element-4935ce4 e-flex e-con-boxed e-con e-parent\" data-id=\"4935ce4\" data-element_type=\"container\">\n\t\t\t\t\t<div class=\"e-con-inner\">\n\t\t\t\t<div class=\"elementor-element elementor-element-c440971 elementor-widget elementor-widget-text-editor\" data-id=\"c440971\" data-element_type=\"widget\" data-widget_type=\"text-editor.default\">\n\t\t\t\t<div class=\"elementor-widget-container\">\n\t\t\t\t\t\t\t\t\t<p>Traduxpress<\/p>\t\t\t\t\t\t\t\t<\/div>\n\t\t\t\t<\/div>\n\t\t\t\t<div class=\"elementor-element elementor-element-dfc5ea6 elementor-widget__width-initial elementor-widget elementor-widget-text-editor\" data-id=\"dfc5ea6\" data-element_type=\"widget\" data-widget_type=\"text-editor.default\">\n\t\t\t\t<div class=\"elementor-widget-container\">\n\t\t\t\t\t\t\t\t\t<p>Aviso Legal<\/p>\t\t\t\t\t\t\t\t<\/div>\n\t\t\t\t<\/div>\n\t\t\t\t<div class=\"elementor-element elementor-element-c9ab1de elementor-widget__width-initial elementor-widget elementor-widget-text-editor\" data-id=\"c9ab1de\" data-element_type=\"widget\" data-widget_type=\"text-editor.default\">\n\t\t\t\t<div class=\"elementor-widget-container\">\n\t\t\t\t\t\t\t\t\t<p data-start=\"3349\" data-end=\"3546\">En cumplimiento con el deber de informaci\u00f3n recogido en la Ley 34\/2002, de 11 de julio, de Servicios de la Sociedad de la Informaci\u00f3n y de Comercio Electr\u00f3nico (LSSI-CE), se informa lo siguiente:<\/p><ul data-start=\"3548\" data-end=\"3820\"><li data-start=\"3548\" data-end=\"3601\"><p data-start=\"3550\" data-end=\"3601\"><strong data-start=\"3550\" data-end=\"3562\">Titular:<\/strong> Andrea Natalia Csajkos \u2013 Traduxpress<\/p><\/li><li data-start=\"3602\" data-end=\"3667\"><p data-start=\"3604\" data-end=\"3667\"><strong data-start=\"3604\" data-end=\"3618\">Domicilio:<\/strong> Avda. Valencia, 134 \u2013 12006 Castell\u00f3n (Espa\u00f1a)<\/p><\/li><li data-start=\"3668\" data-end=\"3738\"><p data-start=\"3670\" data-end=\"3738\"><strong data-start=\"3670\" data-end=\"3696\">Tel\u00e9fonos de contacto:<\/strong> 692 622 526 \/ 692 622 548 \/ 964 199 696<\/p><\/li><li data-start=\"3739\" data-end=\"3788\"><p data-start=\"3741\" data-end=\"3788\"><strong data-start=\"3741\" data-end=\"3764\">Correo electr\u00f3nico:<\/strong> <a class=\"decorated-link\" href=\"mailto:traduxpress@yahoo.com\" rel=\"noopener\" data-start=\"3765\" data-end=\"3786\">traduxpress@yahoo.com<\/a><\/p><\/li><li data-start=\"3739\" data-end=\"3788\"><strong data-start=\"3791\" data-end=\"3799\">Web:<\/strong> <a class=\"decorated-link\" href=\"http:\/\/www.traduxpress.es\" target=\"_new\" rel=\"noopener\" data-start=\"3800\" data-end=\"3818\">www.traduxpress.es<\/a><\/li><\/ul><h4 data-start=\"3822\" data-end=\"3836\"><strong>1. Objeto<\/strong><\/h4><p data-start=\"3837\" data-end=\"3931\">El presente Aviso Legal regula el acceso, navegaci\u00f3n y uso del sitio web <a class=\"decorated-link\" href=\"http:\/\/www.traduxpress.es\" target=\"_new\" rel=\"noopener\" data-start=\"3910\" data-end=\"3928\">www.traduxpress.es<\/a><\/p><h4 data-start=\"3933\" data-end=\"3975\"><strong>2. Propiedad intelectual e industrial<\/strong><\/h4><p data-start=\"3976\" data-end=\"4237\">Todos los contenidos del sitio web, incluyendo textos, im\u00e1genes, logotipos, dise\u00f1os y c\u00f3digo fuente, son titularidad de Traduxpress o de terceros que han autorizado su uso. Queda prohibida su reproducci\u00f3n, distribuci\u00f3n o modificaci\u00f3n sin autorizaci\u00f3n expresa.<\/p><h4 data-start=\"4239\" data-end=\"4262\"><strong>3. Responsabilidad<\/strong><\/h4><p data-start=\"4263\" data-end=\"4401\">Traduxpress no se hace responsable del mal uso que se realice de los contenidos de la web, siendo responsabilidad exclusiva del usuario.<\/p><p data-start=\"4403\" data-end=\"4601\">Tampoco se responsabiliza de los da\u00f1os que puedan ocasionarse por fallos o malas configuraciones del software o hardware del usuario, ni de posibles incidencias t\u00e9cnicas en la conexi\u00f3n a internet.<\/p><h4 data-start=\"4603\" data-end=\"4632\"><strong>4. Legislaci\u00f3n aplicable<\/strong><\/h4><p data-start=\"4633\" data-end=\"4723\">El presente Aviso Legal se regir\u00e1 e interpretar\u00e1 de acuerdo con la legislaci\u00f3n espa\u00f1ola.<\/p>\t\t\t\t\t\t\t\t<\/div>\n\t\t\t\t<\/div>\n\t\t\t\t\t<\/div>\n\t\t\t\t<\/div>\n\t\t\t\t<\/div>\n\t\t","protected":false},"excerpt":{"rendered":"<p>Traduxpress Aviso Legal En cumplimiento con el deber de informaci\u00f3n recogido en la Ley 34\/2002, de 11 de julio, de Servicios de la Sociedad de la Informaci\u00f3n y de Comercio Electr\u00f3nico (LSSI-CE), se informa lo siguiente: Titular: Andrea Natalia Csajkos \u2013 Traduxpress Domicilio: Avda. Valencia, 134 \u2013 12006 Castell\u00f3n (Espa\u00f1a) Tel\u00e9fonos de contacto: 692 622 [&hellip;]<\/p>\n","protected":false},"author":1,"featured_media":0,"parent":0,"menu_order":0,"comment_status":"closed","ping_status":"closed","template":"","meta":{"footnotes":""},"class_list":["post-3777","page","type-page","status-publish","hentry"],"yoast_head":"<!-- This site is optimized with the Yoast SEO plugin v25.7 - https:\/\/yoast.com\/wordpress\/plugins\/seo\/ -->\n<title>Aviso de privacidad - Traduxpress<\/title>\n<meta name=\"robots\" content=\"index, follow, max-snippet:-1, max-image-preview:large, max-video-preview:-1\" \/>\n<link rel=\"canonical\" href=\"https:\/\/traduxpress.es\/es\/aviso-de-privacidad\/\" \/>\n<meta property=\"og:locale\" content=\"es_ES\" \/>\n<meta property=\"og:type\" content=\"article\" \/>\n<meta property=\"og:title\" content=\"Aviso de privacidad - Traduxpress\" \/>\n<meta property=\"og:description\" content=\"Traduxpress Aviso Legal En cumplimiento con el deber de informaci\u00f3n recogido en la Ley 34\/2002, de 11 de julio, de Servicios de la Sociedad de la Informaci\u00f3n y de Comercio Electr\u00f3nico (LSSI-CE), se informa lo siguiente: Titular: Andrea Natalia Csajkos \u2013 Traduxpress Domicilio: Avda. Valencia, 134 \u2013 12006 Castell\u00f3n (Espa\u00f1a) Tel\u00e9fonos de contacto: 692 622 [&hellip;]\" \/>\n<meta property=\"og:url\" content=\"https:\/\/traduxpress.es\/es\/aviso-de-privacidad\/\" \/>\n<meta property=\"og:site_name\" content=\"Traduxpress\" \/>\n<meta property=\"article:publisher\" content=\"https:\/\/www.facebook.com\/people\/TraduXpress-Castelln\/100005288647241\/\" \/>\n<meta property=\"article:modified_time\" content=\"2025-08-20T17:26:22+00:00\" \/>\n<meta name=\"twitter:card\" content=\"summary_large_image\" \/>\n<meta name=\"twitter:label1\" content=\"Tiempo de lectura\" \/>\n\t<meta name=\"twitter:data1\" content=\"1 minuto\" \/>\n<script type=\"application\/ld+json\" class=\"yoast-schema-graph\">{\"@context\":\"https:\/\/schema.org\",\"@graph\":[{\"@type\":\"WebPage\",\"@id\":\"https:\/\/traduxpress.es\/aviso-de-privacidad\/\",\"url\":\"https:\/\/traduxpress.es\/aviso-de-privacidad\/\",\"name\":\"Aviso de privacidad - Traduxpress\",\"isPartOf\":{\"@id\":\"https:\/\/traduxpress.es\/#website\"},\"datePublished\":\"2025-08-20T17:10:27+00:00\",\"dateModified\":\"2025-08-20T17:26:22+00:00\",\"breadcrumb\":{\"@id\":\"https:\/\/traduxpress.es\/aviso-de-privacidad\/#breadcrumb\"},\"inLanguage\":\"es\",\"potentialAction\":[{\"@type\":\"ReadAction\",\"target\":[\"https:\/\/traduxpress.es\/aviso-de-privacidad\/\"]}]},{\"@type\":\"BreadcrumbList\",\"@id\":\"https:\/\/traduxpress.es\/aviso-de-privacidad\/#breadcrumb\",\"itemListElement\":[{\"@type\":\"ListItem\",\"position\":1,\"name\":\"Portada\",\"item\":\"https:\/\/traduxpress.es\/\"},{\"@type\":\"ListItem\",\"position\":2,\"name\":\"Aviso de privacidad\"}]},{\"@type\":\"WebSite\",\"@id\":\"https:\/\/traduxpress.es\/#website\",\"url\":\"https:\/\/traduxpress.es\/\",\"name\":\"Traduxpress\",\"description\":\"Traducci\u00f3n jurada, Apostillados y Homologaciones\",\"publisher\":{\"@id\":\"https:\/\/traduxpress.es\/#organization\"},\"potentialAction\":[{\"@type\":\"SearchAction\",\"target\":{\"@type\":\"EntryPoint\",\"urlTemplate\":\"https:\/\/traduxpress.es\/?s={search_term_string}\"},\"query-input\":{\"@type\":\"PropertyValueSpecification\",\"valueRequired\":true,\"valueName\":\"search_term_string\"}}],\"inLanguage\":\"es\"},{\"@type\":\"Organization\",\"@id\":\"https:\/\/traduxpress.es\/#organization\",\"name\":\"Traduxpress\",\"url\":\"https:\/\/traduxpress.es\/\",\"logo\":{\"@type\":\"ImageObject\",\"inLanguage\":\"es\",\"@id\":\"https:\/\/traduxpress.es\/#\/schema\/logo\/image\/\",\"url\":\"https:\/\/traduxpress.es\/wp-content\/uploads\/2025\/06\/Traduxpress_logo_web.png\",\"contentUrl\":\"https:\/\/traduxpress.es\/wp-content\/uploads\/2025\/06\/Traduxpress_logo_web.png\",\"width\":527,\"height\":138,\"caption\":\"Traduxpress\"},\"image\":{\"@id\":\"https:\/\/traduxpress.es\/#\/schema\/logo\/image\/\"},\"sameAs\":[\"https:\/\/www.facebook.com\/people\/TraduXpress-Castelln\/100005288647241\/\",\"https:\/\/www.instagram.com\/traduxpress\/?hl=es\"]}]}<\/script>\n<!-- \/ Yoast SEO plugin. -->","yoast_head_json":{"title":"Aviso de privacidad - Traduxpress","robots":{"index":"index","follow":"follow","max-snippet":"max-snippet:-1","max-image-preview":"max-image-preview:large","max-video-preview":"max-video-preview:-1"},"canonical":"https:\/\/traduxpress.es\/es\/aviso-de-privacidad\/","og_locale":"es_ES","og_type":"article","og_title":"Aviso de privacidad - Traduxpress","og_description":"Traduxpress Aviso Legal En cumplimiento con el deber de informaci\u00f3n recogido en la Ley 34\/2002, de 11 de julio, de Servicios de la Sociedad de la Informaci\u00f3n y de Comercio Electr\u00f3nico (LSSI-CE), se informa lo siguiente: Titular: Andrea Natalia Csajkos \u2013 Traduxpress Domicilio: Avda. Valencia, 134 \u2013 12006 Castell\u00f3n (Espa\u00f1a) Tel\u00e9fonos de contacto: 692 622 [&hellip;]","og_url":"https:\/\/traduxpress.es\/es\/aviso-de-privacidad\/","og_site_name":"Traduxpress","article_publisher":"https:\/\/www.facebook.com\/people\/TraduXpress-Castelln\/100005288647241\/","article_modified_time":"2025-08-20T17:26:22+00:00","twitter_card":"summary_large_image","twitter_misc":{"Tiempo de lectura":"1 minuto"},"schema":{"@context":"https:\/\/schema.org","@graph":[{"@type":"WebPage","@id":"https:\/\/traduxpress.es\/aviso-de-privacidad\/","url":"https:\/\/traduxpress.es\/aviso-de-privacidad\/","name":"Aviso de privacidad - Traduxpress","isPartOf":{"@id":"https:\/\/traduxpress.es\/#website"},"datePublished":"2025-08-20T17:10:27+00:00","dateModified":"2025-08-20T17:26:22+00:00","breadcrumb":{"@id":"https:\/\/traduxpress.es\/aviso-de-privacidad\/#breadcrumb"},"inLanguage":"es","potentialAction":[{"@type":"ReadAction","target":["https:\/\/traduxpress.es\/aviso-de-privacidad\/"]}]},{"@type":"BreadcrumbList","@id":"https:\/\/traduxpress.es\/aviso-de-privacidad\/#breadcrumb","itemListElement":[{"@type":"ListItem","position":1,"name":"Portada","item":"https:\/\/traduxpress.es\/"},{"@type":"ListItem","position":2,"name":"Aviso de privacidad"}]},{"@type":"WebSite","@id":"https:\/\/traduxpress.es\/#website","url":"https:\/\/traduxpress.es\/","name":"Traduxpress","description":"Traducci\u00f3n jurada, Apostillados y Homologaciones","publisher":{"@id":"https:\/\/traduxpress.es\/#organization"},"potentialAction":[{"@type":"SearchAction","target":{"@type":"EntryPoint","urlTemplate":"https:\/\/traduxpress.es\/?s={search_term_string}"},"query-input":{"@type":"PropertyValueSpecification","valueRequired":true,"valueName":"search_term_string"}}],"inLanguage":"es"},{"@type":"Organization","@id":"https:\/\/traduxpress.es\/#organization","name":"Traduxpress","url":"https:\/\/traduxpress.es\/","logo":{"@type":"ImageObject","inLanguage":"es","@id":"https:\/\/traduxpress.es\/#\/schema\/logo\/image\/","url":"https:\/\/traduxpress.es\/wp-content\/uploads\/2025\/06\/Traduxpress_logo_web.png","contentUrl":"https:\/\/traduxpress.es\/wp-content\/uploads\/2025\/06\/Traduxpress_logo_web.png","width":527,"height":138,"caption":"Traduxpress"},"image":{"@id":"https:\/\/traduxpress.es\/#\/schema\/logo\/image\/"},"sameAs":["https:\/\/www.facebook.com\/people\/TraduXpress-Castelln\/100005288647241\/","https:\/\/www.instagram.com\/traduxpress\/?hl=es"]}]}},"_links":{"self":[{"href":"https:\/\/traduxpress.es\/es\/wp-json\/wp\/v2\/pages\/3777","targetHints":{"allow":["GET"]}}],"collection":[{"href":"https:\/\/traduxpress.es\/es\/wp-json\/wp\/v2\/pages"}],"about":[{"href":"https:\/\/traduxpress.es\/es\/wp-json\/wp\/v2\/types\/page"}],"author":[{"embeddable":true,"href":"https:\/\/traduxpress.es\/es\/wp-json\/wp\/v2\/users\/1"}],"replies":[{"embeddable":true,"href":"https:\/\/traduxpress.es\/es\/wp-json\/wp\/v2\/comments?post=3777"}],"version-history":[{"count":0,"href":"https:\/\/traduxpress.es\/es\/wp-json\/wp\/v2\/pages\/3777\/revisions"}],"wp:attachment":[{"href":"https:\/\/traduxpress.es\/es\/wp-json\/wp\/v2\/media?parent=3777"}],"curies":[{"name":"wp","href":"https:\/\/api.w.org\/{rel}","templated":true}]}}