{"id":2360,"date":"2025-07-02T15:46:26","date_gmt":"2025-07-02T13:46:26","guid":{"rendered":"https:\/\/lezamaasesores.com\/traduxpress\/?page_id=2360"},"modified":"2025-10-01T09:52:16","modified_gmt":"2025-10-01T07:52:16","slug":"prespuesto","status":"publish","type":"page","link":"https:\/\/traduxpress.es\/es\/prespuesto\/","title":{"rendered":"Prespuesto"},"content":{"rendered":"\t\t<div data-elementor-type=\"wp-page\" data-elementor-id=\"2360\" class=\"elementor elementor-2360\" data-elementor-post-type=\"page\">\n\t\t\t\t<div class=\"elementor-element elementor-element-fdbbfcd e-flex e-con-boxed e-con e-parent\" data-id=\"fdbbfcd\" data-element_type=\"container\" data-settings=\"{&quot;background_background&quot;:&quot;classic&quot;}\">\n\t\t\t\t\t<div class=\"e-con-inner\">\n\t\t<div class=\"elementor-element elementor-element-cc6c480 e-con-full elementor-hidden-mobile e-flex e-con e-child\" data-id=\"cc6c480\" data-element_type=\"container\">\n\t\t\t\t<\/div>\n\t\t<div class=\"elementor-element elementor-element-654bd75 e-con-full e-flex e-con e-child\" data-id=\"654bd75\" data-element_type=\"container\" data-settings=\"{&quot;background_background&quot;:&quot;classic&quot;}\">\n\t\t\t\t<div class=\"elementor-element elementor-element-074ae08 elementor-widget elementor-widget-text-editor\" data-id=\"074ae08\" data-element_type=\"widget\" data-widget_type=\"text-editor.default\">\n\t\t\t\t<div class=\"elementor-widget-container\">\n\t\t\t\t\t\t\t\t\t<p>Presupuesto en 1 minuto<\/p>\t\t\t\t\t\t\t\t<\/div>\n\t\t\t\t<\/div>\n\t\t\t\t<div class=\"elementor-element elementor-element-cc0b2da elementor-widget elementor-widget-text-editor\" data-id=\"cc0b2da\" data-element_type=\"widget\" data-widget_type=\"text-editor.default\">\n\t\t\t\t<div class=\"elementor-widget-container\">\n\t\t\t\t\t\t\t\t\t<p>\u00bfQue servicio necesitas?<\/p>\t\t\t\t\t\t\t\t<\/div>\n\t\t\t\t<\/div>\n\t\t\t\t<div class=\"elementor-element elementor-element-bc56346 elementor-align-center elementor-widget elementor-widget-elementskit-button\" data-id=\"bc56346\" data-element_type=\"widget\" data-widget_type=\"elementskit-button.default\">\n\t\t\t\t<div class=\"elementor-widget-container\">\n\t\t\t\t\t<div class=\"ekit-wid-con\" >\t\t<div class=\"ekit-btn-wraper\">\n\t\t\t\t\t\t\t<a href=\"#elementor-action%3Aaction%3Dpopup%3Aopen%26settings%3DeyJpZCI6IjMxMyIsInRvZ2dsZSI6ZmFsc2V9\" class=\"elementskit-btn  whitespace--normal\" id=\"\">\n\t\t\t\t\tApostillado\t\t\t\t<\/a>\n\t\t\t\t\t<\/div>\n        <\/div>\t\t\t\t<\/div>\n\t\t\t\t<\/div>\n\t\t\t\t<div class=\"elementor-element elementor-element-406a02d elementor-align-center elementor-widget elementor-widget-elementskit-button\" data-id=\"406a02d\" data-element_type=\"widget\" data-widget_type=\"elementskit-button.default\">\n\t\t\t\t<div class=\"elementor-widget-container\">\n\t\t\t\t\t<div class=\"ekit-wid-con\" >\t\t<div class=\"ekit-btn-wraper\">\n\t\t\t\t\t\t\t<a href=\"#elementor-action%3Aaction%3Dpopup%3Aopen%26settings%3DeyJpZCI6IjMxMCIsInRvZ2dsZSI6ZmFsc2V9\" class=\"elementskit-btn  whitespace--normal\" id=\"\">\n\t\t\t\t\tTraducci\u00f3n Jurada\t\t\t\t<\/a>\n\t\t\t\t\t<\/div>\n        <\/div>\t\t\t\t<\/div>\n\t\t\t\t<\/div>\n\t\t\t\t<div class=\"elementor-element elementor-element-be05b36 elementor-align-center elementor-widget elementor-widget-elementskit-button\" data-id=\"be05b36\" data-element_type=\"widget\" data-widget_type=\"elementskit-button.default\">\n\t\t\t\t<div class=\"elementor-widget-container\">\n\t\t\t\t\t<div class=\"ekit-wid-con\" >\t\t<div class=\"ekit-btn-wraper\">\n\t\t\t\t\t\t\t<a href=\"#elementor-action%3Aaction%3Dpopup%3Aopen%26settings%3DeyJpZCI6IjMwNyIsInRvZ2dsZSI6ZmFsc2V9\" class=\"elementskit-btn  whitespace--normal\" id=\"\">\n\t\t\t\t\tApostillado + Traduccion Jurada\t\t\t\t<\/a>\n\t\t\t\t\t<\/div>\n        <\/div>\t\t\t\t<\/div>\n\t\t\t\t<\/div>\n\t\t\t\t<div class=\"elementor-element elementor-element-87fa8f7 elementor-align-center elementor-widget elementor-widget-elementskit-button\" data-id=\"87fa8f7\" data-element_type=\"widget\" data-widget_type=\"elementskit-button.default\">\n\t\t\t\t<div class=\"elementor-widget-container\">\n\t\t\t\t\t<div class=\"ekit-wid-con\" >\t\t<div class=\"ekit-btn-wraper\">\n\t\t\t\t\t\t\t<a href=\"#elementor-action%3Aaction%3Dpopup%3Aopen%26settings%3DeyJpZCI6IjMwNCIsInRvZ2dsZSI6ZmFsc2V9\" class=\"elementskit-btn  whitespace--normal\" id=\"\">\n\t\t\t\t\tLegalizaci\u00f3n de documentos\t\t\t\t<\/a>\n\t\t\t\t\t<\/div>\n        <\/div>\t\t\t\t<\/div>\n\t\t\t\t<\/div>\n\t\t\t\t<div class=\"elementor-element elementor-element-7114c73 elementor-align-center elementor-widget elementor-widget-elementskit-button\" data-id=\"7114c73\" data-element_type=\"widget\" data-widget_type=\"elementskit-button.default\">\n\t\t\t\t<div class=\"elementor-widget-container\">\n\t\t\t\t\t<div class=\"ekit-wid-con\" >\t\t<div class=\"ekit-btn-wraper\">\n\t\t\t\t\t\t\t<a href=\"#elementor-action%3Aaction%3Dpopup%3Aopen%26settings%3DeyJpZCI6IjI5MyIsInRvZ2dsZSI6ZmFsc2V9\" class=\"elementskit-btn  whitespace--normal\" id=\"\">\n\t\t\t\t\tNacionalidad espa\u00f1ola\t\t\t\t<\/a>\n\t\t\t\t\t<\/div>\n        <\/div>\t\t\t\t<\/div>\n\t\t\t\t<\/div>\n\t\t\t\t<div class=\"elementor-element elementor-element-7096461 elementor-align-center elementor-widget elementor-widget-elementskit-button\" data-id=\"7096461\" data-element_type=\"widget\" data-widget_type=\"elementskit-button.default\">\n\t\t\t\t<div class=\"elementor-widget-container\">\n\t\t\t\t\t<div class=\"ekit-wid-con\" >\t\t<div class=\"ekit-btn-wraper\">\n\t\t\t\t\t\t\t<a href=\"#elementor-action%3Aaction%3Dpopup%3Aopen%26settings%3DeyJpZCI6IjI5MCIsInRvZ2dsZSI6ZmFsc2V9\" class=\"elementskit-btn  whitespace--normal\" id=\"\">\n\t\t\t\t\tHomologaci\u00f3n de Estudios\t\t\t\t<\/a>\n\t\t\t\t\t<\/div>\n        <\/div>\t\t\t\t<\/div>\n\t\t\t\t<\/div>\n\t\t\t\t<div class=\"elementor-element elementor-element-a1d16a0 elementor-align-center elementor-widget elementor-widget-elementskit-button\" data-id=\"a1d16a0\" data-element_type=\"widget\" data-widget_type=\"elementskit-button.default\">\n\t\t\t\t<div class=\"elementor-widget-container\">\n\t\t\t\t\t<div class=\"ekit-wid-con\" >\t\t<div class=\"ekit-btn-wraper\">\n\t\t\t\t\t\t\t<a href=\"#elementor-action%3Aaction%3Dpopup%3Aopen%26settings%3DeyJpZCI6IjI4NyIsInRvZ2dsZSI6ZmFsc2V9\" class=\"elementskit-btn  whitespace--normal\" id=\"\">\n\t\t\t\t\tOtros tramites\t\t\t\t<\/a>\n\t\t\t\t\t<\/div>\n        <\/div>\t\t\t\t<\/div>\n\t\t\t\t<\/div>\n\t\t\t\t<div class=\"elementor-element elementor-element-0eadc50 elementor-align-center elementor-widget elementor-widget-elementskit-button\" data-id=\"0eadc50\" data-element_type=\"widget\" data-widget_type=\"elementskit-button.default\">\n\t\t\t\t<div class=\"elementor-widget-container\">\n\t\t\t\t\t<div class=\"ekit-wid-con\" >\t\t<div class=\"ekit-btn-wraper\">\n\t\t\t\t\t\t\t<a href=\"https:\/\/traduxpress.es\/contacto\/\" class=\"elementskit-btn  whitespace--normal\" id=\"\">\n\t\t\t\t\tPrefiero hablar con un agente\t\t\t\t<\/a>\n\t\t\t\t\t<\/div>\n        <\/div>\t\t\t\t<\/div>\n\t\t\t\t<\/div>\n\t\t\t\t<\/div>\n\t\t<div class=\"elementor-element elementor-element-95ba23a e-con-full e-flex e-con e-child\" data-id=\"95ba23a\" data-element_type=\"container\">\n\t\t\t\t<\/div>\n\t\t\t\t\t<\/div>\n\t\t\t\t<\/div>\n\t\t\t\t<\/div>\n\t\t","protected":false},"excerpt":{"rendered":"<p>Presupuesto en 1 minuto \u00bfQue servicio necesitas? Apostillado Traducci\u00f3n Jurada Apostillado + Traduccion Jurada Legalizaci\u00f3n de documentos Nacionalidad espa\u00f1ola Homologaci\u00f3n de Estudios Otros tramites Prefiero hablar con un agente<\/p>\n","protected":false},"author":1,"featured_media":0,"parent":0,"menu_order":0,"comment_status":"closed","ping_status":"closed","template":"","meta":{"footnotes":""},"class_list":["post-2360","page","type-page","status-publish","hentry"],"yoast_head":"<!-- This site is optimized with the Yoast SEO plugin v25.7 - https:\/\/yoast.com\/wordpress\/plugins\/seo\/ -->\n<title>Prespuesto - Traduxpress<\/title>\n<meta name=\"robots\" content=\"index, follow, max-snippet:-1, max-image-preview:large, max-video-preview:-1\" \/>\n<link rel=\"canonical\" href=\"https:\/\/traduxpress.es\/es\/prespuesto\/\" \/>\n<meta property=\"og:locale\" content=\"es_ES\" \/>\n<meta property=\"og:type\" content=\"article\" \/>\n<meta property=\"og:title\" content=\"Prespuesto - Traduxpress\" \/>\n<meta property=\"og:description\" content=\"Presupuesto en 1 minuto \u00bfQue servicio necesitas? Apostillado Traducci\u00f3n Jurada Apostillado + Traduccion Jurada Legalizaci\u00f3n de documentos Nacionalidad espa\u00f1ola Homologaci\u00f3n de Estudios Otros tramites Prefiero hablar con un agente\" \/>\n<meta property=\"og:url\" content=\"https:\/\/traduxpress.es\/es\/prespuesto\/\" \/>\n<meta property=\"og:site_name\" content=\"Traduxpress\" \/>\n<meta property=\"article:publisher\" content=\"https:\/\/www.facebook.com\/people\/TraduXpress-Castelln\/100005288647241\/\" \/>\n<meta property=\"article:modified_time\" content=\"2025-10-01T07:52:16+00:00\" \/>\n<meta name=\"twitter:card\" content=\"summary_large_image\" \/>\n<meta name=\"twitter:label1\" content=\"Tiempo de lectura\" \/>\n\t<meta name=\"twitter:data1\" content=\"1 minuto\" \/>\n<script type=\"application\/ld+json\" class=\"yoast-schema-graph\">{\"@context\":\"https:\/\/schema.org\",\"@graph\":[{\"@type\":\"WebPage\",\"@id\":\"https:\/\/traduxpress.es\/es\/prespuesto\/\",\"url\":\"https:\/\/traduxpress.es\/es\/prespuesto\/\",\"name\":\"Prespuesto - Traduxpress\",\"isPartOf\":{\"@id\":\"https:\/\/traduxpress.es\/#website\"},\"datePublished\":\"2025-07-02T13:46:26+00:00\",\"dateModified\":\"2025-10-01T07:52:16+00:00\",\"breadcrumb\":{\"@id\":\"https:\/\/traduxpress.es\/es\/prespuesto\/#breadcrumb\"},\"inLanguage\":\"es\",\"potentialAction\":[{\"@type\":\"ReadAction\",\"target\":[\"https:\/\/traduxpress.es\/es\/prespuesto\/\"]}]},{\"@type\":\"BreadcrumbList\",\"@id\":\"https:\/\/traduxpress.es\/es\/prespuesto\/#breadcrumb\",\"itemListElement\":[{\"@type\":\"ListItem\",\"position\":1,\"name\":\"Portada\",\"item\":\"https:\/\/traduxpress.es\/\"},{\"@type\":\"ListItem\",\"position\":2,\"name\":\"Prespuesto\"}]},{\"@type\":\"WebSite\",\"@id\":\"https:\/\/traduxpress.es\/#website\",\"url\":\"https:\/\/traduxpress.es\/\",\"name\":\"Traduxpress\",\"description\":\"Traducci\u00f3n jurada, Apostillados y Homologaciones\",\"publisher\":{\"@id\":\"https:\/\/traduxpress.es\/#organization\"},\"potentialAction\":[{\"@type\":\"SearchAction\",\"target\":{\"@type\":\"EntryPoint\",\"urlTemplate\":\"https:\/\/traduxpress.es\/?s={search_term_string}\"},\"query-input\":{\"@type\":\"PropertyValueSpecification\",\"valueRequired\":true,\"valueName\":\"search_term_string\"}}],\"inLanguage\":\"es\"},{\"@type\":\"Organization\",\"@id\":\"https:\/\/traduxpress.es\/#organization\",\"name\":\"Traduxpress\",\"url\":\"https:\/\/traduxpress.es\/\",\"logo\":{\"@type\":\"ImageObject\",\"inLanguage\":\"es\",\"@id\":\"https:\/\/traduxpress.es\/#\/schema\/logo\/image\/\",\"url\":\"https:\/\/traduxpress.es\/wp-content\/uploads\/2025\/06\/Traduxpress_logo_web.png\",\"contentUrl\":\"https:\/\/traduxpress.es\/wp-content\/uploads\/2025\/06\/Traduxpress_logo_web.png\",\"width\":527,\"height\":138,\"caption\":\"Traduxpress\"},\"image\":{\"@id\":\"https:\/\/traduxpress.es\/#\/schema\/logo\/image\/\"},\"sameAs\":[\"https:\/\/www.facebook.com\/people\/TraduXpress-Castelln\/100005288647241\/\",\"https:\/\/www.instagram.com\/traduxpress\/?hl=es\"]}]}<\/script>\n<!-- \/ Yoast SEO plugin. -->","yoast_head_json":{"title":"Prespuesto - Traduxpress","robots":{"index":"index","follow":"follow","max-snippet":"max-snippet:-1","max-image-preview":"max-image-preview:large","max-video-preview":"max-video-preview:-1"},"canonical":"https:\/\/traduxpress.es\/es\/prespuesto\/","og_locale":"es_ES","og_type":"article","og_title":"Prespuesto - Traduxpress","og_description":"Presupuesto en 1 minuto \u00bfQue servicio necesitas? Apostillado Traducci\u00f3n Jurada Apostillado + Traduccion Jurada Legalizaci\u00f3n de documentos Nacionalidad espa\u00f1ola Homologaci\u00f3n de Estudios Otros tramites Prefiero hablar con un agente","og_url":"https:\/\/traduxpress.es\/es\/prespuesto\/","og_site_name":"Traduxpress","article_publisher":"https:\/\/www.facebook.com\/people\/TraduXpress-Castelln\/100005288647241\/","article_modified_time":"2025-10-01T07:52:16+00:00","twitter_card":"summary_large_image","twitter_misc":{"Tiempo de lectura":"1 minuto"},"schema":{"@context":"https:\/\/schema.org","@graph":[{"@type":"WebPage","@id":"https:\/\/traduxpress.es\/es\/prespuesto\/","url":"https:\/\/traduxpress.es\/es\/prespuesto\/","name":"Prespuesto - Traduxpress","isPartOf":{"@id":"https:\/\/traduxpress.es\/#website"},"datePublished":"2025-07-02T13:46:26+00:00","dateModified":"2025-10-01T07:52:16+00:00","breadcrumb":{"@id":"https:\/\/traduxpress.es\/es\/prespuesto\/#breadcrumb"},"inLanguage":"es","potentialAction":[{"@type":"ReadAction","target":["https:\/\/traduxpress.es\/es\/prespuesto\/"]}]},{"@type":"BreadcrumbList","@id":"https:\/\/traduxpress.es\/es\/prespuesto\/#breadcrumb","itemListElement":[{"@type":"ListItem","position":1,"name":"Portada","item":"https:\/\/traduxpress.es\/"},{"@type":"ListItem","position":2,"name":"Prespuesto"}]},{"@type":"WebSite","@id":"https:\/\/traduxpress.es\/#website","url":"https:\/\/traduxpress.es\/","name":"Traduxpress","description":"Traducci\u00f3n jurada, Apostillados y Homologaciones","publisher":{"@id":"https:\/\/traduxpress.es\/#organization"},"potentialAction":[{"@type":"SearchAction","target":{"@type":"EntryPoint","urlTemplate":"https:\/\/traduxpress.es\/?s={search_term_string}"},"query-input":{"@type":"PropertyValueSpecification","valueRequired":true,"valueName":"search_term_string"}}],"inLanguage":"es"},{"@type":"Organization","@id":"https:\/\/traduxpress.es\/#organization","name":"Traduxpress","url":"https:\/\/traduxpress.es\/","logo":{"@type":"ImageObject","inLanguage":"es","@id":"https:\/\/traduxpress.es\/#\/schema\/logo\/image\/","url":"https:\/\/traduxpress.es\/wp-content\/uploads\/2025\/06\/Traduxpress_logo_web.png","contentUrl":"https:\/\/traduxpress.es\/wp-content\/uploads\/2025\/06\/Traduxpress_logo_web.png","width":527,"height":138,"caption":"Traduxpress"},"image":{"@id":"https:\/\/traduxpress.es\/#\/schema\/logo\/image\/"},"sameAs":["https:\/\/www.facebook.com\/people\/TraduXpress-Castelln\/100005288647241\/","https:\/\/www.instagram.com\/traduxpress\/?hl=es"]}]}},"_links":{"self":[{"href":"https:\/\/traduxpress.es\/es\/wp-json\/wp\/v2\/pages\/2360","targetHints":{"allow":["GET"]}}],"collection":[{"href":"https:\/\/traduxpress.es\/es\/wp-json\/wp\/v2\/pages"}],"about":[{"href":"https:\/\/traduxpress.es\/es\/wp-json\/wp\/v2\/types\/page"}],"author":[{"embeddable":true,"href":"https:\/\/traduxpress.es\/es\/wp-json\/wp\/v2\/users\/1"}],"replies":[{"embeddable":true,"href":"https:\/\/traduxpress.es\/es\/wp-json\/wp\/v2\/comments?post=2360"}],"version-history":[{"count":3,"href":"https:\/\/traduxpress.es\/es\/wp-json\/wp\/v2\/pages\/2360\/revisions"}],"predecessor-version":[{"id":4020,"href":"https:\/\/traduxpress.es\/es\/wp-json\/wp\/v2\/pages\/2360\/revisions\/4020"}],"wp:attachment":[{"href":"https:\/\/traduxpress.es\/es\/wp-json\/wp\/v2\/media?parent=2360"}],"curies":[{"name":"wp","href":"https:\/\/api.w.org\/{rel}","templated":true}]}}